{"id":5048,"date":"2020-07-28T09:47:57","date_gmt":"2020-07-28T09:47:57","guid":{"rendered":"https:\/\/panekspanel.com\/eng\/?page_id=5048"},"modified":"2020-11-11T21:47:34","modified_gmt":"2020-11-11T21:47:34","slug":"humidifying-device","status":"publish","type":"page","link":"https:\/\/panekspanel.com\/eng\/humidifying-device\/","title":{"rendered":"Humidifying Device"},"content":{"rendered":"<div class=\"wpb-content-wrapper\">[vc_row][vc_column]<h2 class=\"vcex-heading vcex-heading-plain vcex-module wpex-heading wpex-text-2xl\"><span class=\"vcex-heading-inner wpex-inline-block\">Humidifying Device<\/span><\/h2>[vc_column_text]\n<ol>\n<li>Before using the device, install appropriate filtering equipment to prevent contamination of water tank.<\/li>\n<li>Change the water in the tank once in three days for the first ten days of use and once in fifteen days after the ten days of use.<\/li>\n<li>Clean the water tank once in a month periodically. Repeat this process with a soft cloth or towel after disconnecting the electricity.<\/li>\n<\/ol>\n<p>&nbsp;<\/p>\n<p><img loading=\"lazy\" decoding=\"async\" class=\"aligncenter wp-image-5249 size-full\" src=\"https:\/\/panekspanel.com\/eng\/wp-content\/uploads\/2020\/07\/nemlendirme.jpg\" alt=\"\" width=\"429\" height=\"362\" srcset=\"https:\/\/panekspanel.com\/eng\/wp-content\/uploads\/2020\/07\/nemlendirme.jpg 429w, https:\/\/panekspanel.com\/eng\/wp-content\/uploads\/2020\/07\/nemlendirme-300x253.jpg 300w\" sizes=\"(max-width: 429px) 100vw, 429px\" \/><\/p>\n<table>\n<tbody>\n<tr>\n<td width=\"160\"><\/td>\n<td colspan=\"2\" width=\"221\"><strong>Teknik \u00d6zellikler<\/strong><\/td>\n<td width=\"109\"><\/td>\n<td width=\"100\"><\/td>\n<\/tr>\n<tr>\n<td width=\"160\"><strong>Model<\/strong><\/td>\n<td width=\"113\"><strong>PNS-3<\/strong><\/td>\n<td width=\"108\"><strong>PNS-6<\/strong><\/td>\n<td width=\"109\"><strong>PNS-9<\/strong><\/td>\n<td width=\"100\"><strong>PNS-12<\/strong><\/td>\n<\/tr>\n<tr>\n<td width=\"160\">Kapasite<\/td>\n<td width=\"113\">3 lt\/h<\/td>\n<td width=\"108\">6 lt\/h<\/td>\n<td width=\"109\">9 lt\/h<\/td>\n<td width=\"100\">12 lt\/h<\/td>\n<\/tr>\n<tr>\n<td width=\"160\">Giri\u015f G\u00fcc\u00fc<\/td>\n<td width=\"113\">220V &#8211; 50 Hz<\/td>\n<td width=\"108\">220V &#8211; 50 Hz<\/td>\n<td width=\"109\">220V &#8211; 50 Hz<\/td>\n<td width=\"100\">220V &#8211; 50 Hz<\/td>\n<\/tr>\n<tr>\n<td width=\"160\">Giri\u015f Ak\u0131m\u0131<\/td>\n<td width=\"113\">1.3 A<\/td>\n<td width=\"108\">2.7 A<\/td>\n<td width=\"109\">4.1 A<\/td>\n<td width=\"100\">5.5 A<\/td>\n<\/tr>\n<tr>\n<td width=\"160\">Elektrik T\u00fck<\/td>\n<td width=\"113\">300 W<\/td>\n<td width=\"108\">600 W<\/td>\n<td width=\"109\">900 W<\/td>\n<td width=\"100\">1200 W<\/td>\n<\/tr>\n<tr>\n<td width=\"160\">Osilat\u00f6r<\/td>\n<td width=\"113\">8.000 h<\/td>\n<td width=\"108\">8.000 h<\/td>\n<td width=\"109\">8.000 h<\/td>\n<td width=\"100\">8.000 h<\/td>\n<\/tr>\n<tr>\n<td width=\"160\">Hava Debisi<\/td>\n<td width=\"113\">145 m3\/h<\/td>\n<td width=\"108\">145 m3\/h<\/td>\n<td width=\"109\">650 m3\/h<\/td>\n<td width=\"100\">650 m3\/h<\/td>\n<\/tr>\n<tr>\n<td width=\"160\"><\/td>\n<td width=\"113\">1\u00b0C &#8211; 50 \u00b0C<\/td>\n<td width=\"108\">1\u00b0C &#8211; 50 \u00b0C<\/td>\n<td width=\"109\">1\u00b0C &#8211; 50 \u00b0C<\/td>\n<td width=\"100\">1\u00b0C &#8211; 50 \u00b0C<\/td>\n<\/tr>\n<tr>\n<td width=\"160\">Ses Seviyesi<\/td>\n<td width=\"113\">A)<\/td>\n<td width=\"108\">A)<\/td>\n<td width=\"109\">A)<\/td>\n<td width=\"100\">A)<\/td>\n<\/tr>\n<tr>\n<td width=\"160\">Nem \u00c7\u0131k\u0131\u015f Ba\u011flant\u0131s\u0131<\/td>\n<td width=\"113\">\u00d8 110 mm x 1<\/td>\n<td width=\"108\">\u00d8 110 mm x 1<\/td>\n<td width=\"109\">\u00d8 110 mm x 2<\/td>\n<td width=\"100\">\u00d8 110 mm x 2<\/td>\n<\/tr>\n<tr>\n<td width=\"160\">Su Tank\u0131<\/td>\n<td width=\"113\">18 lt<\/td>\n<td width=\"108\">18 lt<\/td>\n<td width=\"109\">25 lt<\/td>\n<td width=\"100\">25 lt<\/td>\n<\/tr>\n<tr>\n<td width=\"160\">Net A\u011f\u0131rl\u0131k<\/td>\n<td width=\"113\">25,5 kg<\/td>\n<td width=\"108\">28,0 kg<\/td>\n<td width=\"109\">38,5 kg<\/td>\n<td width=\"100\">41,0 kg<\/td>\n<\/tr>\n<tr>\n<td width=\"160\">Kasa \u00d6l\u00e7\u00fcleri<\/td>\n<td colspan=\"2\" width=\"221\">350 x 600 x 440 mm<\/td>\n<td colspan=\"2\" width=\"209\">460 x 630 x 540 mm<\/td>\n<\/tr>\n<\/tbody>\n<\/table>\n[\/vc_column_text][\/vc_column][\/vc_row][vc_row][vc_column width=&#8221;1\/2&#8243;]<figure class=\"vcex-image vcex-module\"><div class=\"vcex-image-inner wpex-relative wpex-inline-block\"><img width=\"2560\" height=\"1707\" src=\"https:\/\/panekspanel.com\/eng\/wp-content\/uploads\/2020\/07\/5-scaled.jpg\" class=\"vcex-image-img wpex-align-middle\" alt=\"\" loading=\"lazy\" decoding=\"async\" srcset=\"https:\/\/panekspanel.com\/eng\/wp-content\/uploads\/2020\/07\/5-scaled.jpg 2560w, https:\/\/panekspanel.com\/eng\/wp-content\/uploads\/2020\/07\/5-300x200.jpg 300w, https:\/\/panekspanel.com\/eng\/wp-content\/uploads\/2020\/07\/5-1024x683.jpg 1024w, https:\/\/panekspanel.com\/eng\/wp-content\/uploads\/2020\/07\/5-768x512.jpg 768w, https:\/\/panekspanel.com\/eng\/wp-content\/uploads\/2020\/07\/5-1536x1024.jpg 1536w, https:\/\/panekspanel.com\/eng\/wp-content\/uploads\/2020\/07\/5-2048x1365.jpg 2048w, https:\/\/panekspanel.com\/eng\/wp-content\/uploads\/2020\/07\/5-600x400.jpg 600w\" sizes=\"(max-width: 2560px) 100vw, 2560px\" \/><\/div><\/figure>[\/vc_column][vc_column width=&#8221;1\/2&#8243;]<figure class=\"vcex-image vcex-module\"><div class=\"vcex-image-inner wpex-relative wpex-inline-block\"><img width=\"2560\" height=\"1843\" src=\"https:\/\/panekspanel.com\/eng\/wp-content\/uploads\/2020\/07\/6-scaled.jpg\" class=\"vcex-image-img wpex-align-middle\" alt=\"\" loading=\"lazy\" decoding=\"async\" srcset=\"https:\/\/panekspanel.com\/eng\/wp-content\/uploads\/2020\/07\/6-scaled.jpg 2560w, https:\/\/panekspanel.com\/eng\/wp-content\/uploads\/2020\/07\/6-300x216.jpg 300w, https:\/\/panekspanel.com\/eng\/wp-content\/uploads\/2020\/07\/6-1024x737.jpg 1024w, https:\/\/panekspanel.com\/eng\/wp-content\/uploads\/2020\/07\/6-768x553.jpg 768w, https:\/\/panekspanel.com\/eng\/wp-content\/uploads\/2020\/07\/6-1536x1106.jpg 1536w, https:\/\/panekspanel.com\/eng\/wp-content\/uploads\/2020\/07\/6-2048x1475.jpg 2048w, https:\/\/panekspanel.com\/eng\/wp-content\/uploads\/2020\/07\/6-600x432.jpg 600w\" sizes=\"(max-width: 2560px) 100vw, 2560px\" \/><\/div><\/figure>[\/vc_column][\/vc_row][vc_row][vc_column][vc_column_text]<strong>Product Specifications<\/strong><\/p>\n<p>Paneks ultrasonic humidifier gives water particles smaller than 10 \u00b5m to the air with the help of the oscillator it uses, in order to create a more balanced moisture field and increase the ambient humidity. It has a compact view with its stainless-steel case and digital control monitor. It provides ease of use with the automatic water level control. It stands out with its low level of noise, electronically controlled system, and high humidity capacity.<\/p>\n<ul>\n<li>Digital Control Led Monitor<\/li>\n<li>25 % -95% Humidity Control<\/li>\n<li>Automatic Water Level Warning<\/li>\n<li>Stainless Steel Water Tank<\/li>\n<li>8000 Hours of Oscillator Life<\/li>\n<li>Automatic Water Filling<\/li>\n<li>Low Maintenance Cost<\/li>\n<li>1\u00b0C \u2013 50\u00b0C Working Temperature<\/li>\n<\/ul>\n<p>&nbsp;<\/p>\n<p><strong>Usage Areas;<\/strong><\/p>\n<p>&nbsp;<\/p>\n<p><img loading=\"lazy\" decoding=\"async\" class=\"alignnone wp-image-5248 size-full\" src=\"https:\/\/panekspanel.com\/eng\/wp-content\/uploads\/2020\/07\/urun-ozellikler-son.png\" alt=\"\" width=\"1587\" height=\"746\" srcset=\"https:\/\/panekspanel.com\/eng\/wp-content\/uploads\/2020\/07\/urun-ozellikler-son.png 1587w, https:\/\/panekspanel.com\/eng\/wp-content\/uploads\/2020\/07\/urun-ozellikler-son-300x141.png 300w, https:\/\/panekspanel.com\/eng\/wp-content\/uploads\/2020\/07\/urun-ozellikler-son-1024x481.png 1024w, https:\/\/panekspanel.com\/eng\/wp-content\/uploads\/2020\/07\/urun-ozellikler-son-768x361.png 768w, https:\/\/panekspanel.com\/eng\/wp-content\/uploads\/2020\/07\/urun-ozellikler-son-1536x722.png 1536w, https:\/\/panekspanel.com\/eng\/wp-content\/uploads\/2020\/07\/urun-ozellikler-son-600x282.png 600w\" sizes=\"(max-width: 1587px) 100vw, 1587px\" \/>[\/vc_column_text][\/vc_column][\/vc_row]\n<\/div>","protected":false},"excerpt":{"rendered":"<p>[vc_row][vc_column][vc_column_text] Before using the device, install appropriate filtering equipment to prevent contamination of water tank. Change the water in the tank once in three days for the first ten days of use and once in fifteen days after the ten days of use. Clean the water tank once in a month periodically. Repeat this process&hellip;<\/p>\n","protected":false},"author":1,"featured_media":0,"parent":0,"menu_order":0,"comment_status":"closed","ping_status":"closed","template":"","meta":{"footnotes":""},"class_list":["post-5048","page","type-page","status-publish","hentry","entry","no-media"],"_links":{"self":[{"href":"https:\/\/panekspanel.com\/eng\/wp-json\/wp\/v2\/pages\/5048"}],"collection":[{"href":"https:\/\/panekspanel.com\/eng\/wp-json\/wp\/v2\/pages"}],"about":[{"href":"https:\/\/panekspanel.com\/eng\/wp-json\/wp\/v2\/types\/page"}],"author":[{"embeddable":true,"href":"https:\/\/panekspanel.com\/eng\/wp-json\/wp\/v2\/users\/1"}],"replies":[{"embeddable":true,"href":"https:\/\/panekspanel.com\/eng\/wp-json\/wp\/v2\/comments?post=5048"}],"version-history":[{"count":11,"href":"https:\/\/panekspanel.com\/eng\/wp-json\/wp\/v2\/pages\/5048\/revisions"}],"predecessor-version":[{"id":5583,"href":"https:\/\/panekspanel.com\/eng\/wp-json\/wp\/v2\/pages\/5048\/revisions\/5583"}],"wp:attachment":[{"href":"https:\/\/panekspanel.com\/eng\/wp-json\/wp\/v2\/media?parent=5048"}],"curies":[{"name":"wp","href":"https:\/\/api.w.org\/{rel}","templated":true}]}}