{"id":5039,"date":"2020-07-28T09:31:23","date_gmt":"2020-07-28T09:31:23","guid":{"rendered":"https:\/\/panekspanel.com\/eng\/?page_id=5039"},"modified":"2020-11-11T21:45:48","modified_gmt":"2020-11-11T21:45:48","slug":"chiller-cooling-systems","status":"publish","type":"page","link":"https:\/\/panekspanel.com\/eng\/chiller-cooling-systems\/","title":{"rendered":"Chiller Cooling Systems"},"content":{"rendered":"<div class=\"wpb-content-wrapper\">[vc_row][vc_column]<h2 class=\"vcex-heading vcex-heading-plain vcex-module wpex-heading wpex-text-2xl\"><span class=\"vcex-heading-inner wpex-inline-block\">Chiller Cooling System<\/span><\/h2>[vc_column_text]<strong>What Is Chiller ?<\/strong><\/p>\n<p><img loading=\"lazy\" decoding=\"async\" class=\"alignnone wp-image-5040 size-full\" src=\"https:\/\/panekspanel.com\/eng\/wp-content\/uploads\/2020\/07\/9v-Ekran-Al\u0131nt\u0131s\u0131-3.jpg\" alt=\"\" width=\"1850\" height=\"493\" srcset=\"https:\/\/panekspanel.com\/eng\/wp-content\/uploads\/2020\/07\/9v-Ekran-Al\u0131nt\u0131s\u0131-3.jpg 1850w, https:\/\/panekspanel.com\/eng\/wp-content\/uploads\/2020\/07\/9v-Ekran-Al\u0131nt\u0131s\u0131-3-300x80.jpg 300w, https:\/\/panekspanel.com\/eng\/wp-content\/uploads\/2020\/07\/9v-Ekran-Al\u0131nt\u0131s\u0131-3-1024x273.jpg 1024w, https:\/\/panekspanel.com\/eng\/wp-content\/uploads\/2020\/07\/9v-Ekran-Al\u0131nt\u0131s\u0131-3-768x205.jpg 768w, https:\/\/panekspanel.com\/eng\/wp-content\/uploads\/2020\/07\/9v-Ekran-Al\u0131nt\u0131s\u0131-3-1536x409.jpg 1536w, https:\/\/panekspanel.com\/eng\/wp-content\/uploads\/2020\/07\/9v-Ekran-Al\u0131nt\u0131s\u0131-3-600x160.jpg 600w\" sizes=\"(max-width: 1850px) 100vw, 1850px\" \/><\/p>\n<p>It is the main cooler system equipment which consists of the volume of condenser and evaporator. Working in parallel with building\u2019s automation, it switches on and off with the cooling load requirement. It has both manual and automatic commissioning options as summer and winter. There are applications where the condenser volume is also placed on the designed roof or the manufacturing of the equipment used directly on the surfaces. Its volume varies according to the building cooling requirement. In the place where it is located, it is necessary to make a reinforced concrete &#8216;floating&#8217; pedestal on the volume where the feet will be stepped on.<\/p>\n<p>To mention the system, there is a sump that turns the water in chiller. Feeding is taken from this pump group to the delivery collector (pumps) to the main system. Cold water is pumped into the system. Chilled water goes to &#8216;fan-coil&#8217; devices at the end of the line. While fan-coil devices are cooling the site, cooled water warms relatively and turns back to chiller system. The water returning to the return collector is also brought to the chiller circuit by a by-pass line and is cooled again.<\/p>\n<p>The difference between warmed and cooled water, depending on the operating temperature of system, is 7 or 12 degrees for instance.<\/p>\n<p>Chiller devices are refrigeration units that is used for cooling all equipment and equipment that needs cooling for industrial purposes and constitutes the world<br \/>\nstandard in this field.<br \/>\nChiller devices are divided into two main groups;<\/p>\n<p><strong>1. Air Cooled Chiller Devices<\/strong><br \/>\n<strong>2. Water Cooled Chiller Devices<\/strong><\/p>\n<p><img loading=\"lazy\" decoding=\"async\" class=\"alignleft wp-image-5041 size-medium\" src=\"https:\/\/panekspanel.com\/eng\/wp-content\/uploads\/2020\/07\/5V-1CH\u0130LLER-300x240.jpg\" alt=\"\" width=\"300\" height=\"240\" srcset=\"https:\/\/panekspanel.com\/eng\/wp-content\/uploads\/2020\/07\/5V-1CH\u0130LLER-300x240.jpg 300w, https:\/\/panekspanel.com\/eng\/wp-content\/uploads\/2020\/07\/5V-1CH\u0130LLER-1024x819.jpg 1024w, https:\/\/panekspanel.com\/eng\/wp-content\/uploads\/2020\/07\/5V-1CH\u0130LLER-768x614.jpg 768w, https:\/\/panekspanel.com\/eng\/wp-content\/uploads\/2020\/07\/5V-1CH\u0130LLER-600x480.jpg 600w, https:\/\/panekspanel.com\/eng\/wp-content\/uploads\/2020\/07\/5V-1CH\u0130LLER.jpg 1280w\" sizes=\"(max-width: 300px) 100vw, 300px\" \/>1. Air cooled chillers are devices that cool the condenser with air. By the fans on itself, it cools the refrigerant flowing through the condenser.<\/p>\n<p>Those are whether piston or scroll type compressors have high cooling capacity. With its independent single or double cooling system, there is a wide condenser surface to provide the expected external temperature.<\/p>\n<p>Compressor is protected by water pumps, fans, and thermic and circuit breaker plugs. Non-ozone-harming 407C refrigerant gas is used. Automatic stop and start of fans and compressors are controlled by digital thermostats or microprocessors.<\/p>\n<p>Units are protected against voltage irregularity (+\/- 15%) and phase deficiency. There are high- and low-pressure switches for refrigerants gases, water temperature and all alarm parameters give visual or aural warning in models with microprocess.<\/p>\n<p>It has resistant ant high-capacity centrifugal pomp, water tank is made of stainless steel and insulated. Galvanized steel body is painted by hot baked powder polyester and and also it has an air filter that can be cleaned easily.<\/p>\n<p><strong> General Features of Air Cooled Chillers <\/strong><\/p>\n<p><strong>Area of Use :<\/strong>\u00a0Plastic injection machines, steel injection machines, extensions, pipe, cable systems, coating baths, shocking systems (Slipper Industry), shoe holeindustry, closed circuit air conditioner (hotels, hospitals etc.), closed circuit industrial systems (plants etc.), press industry, pasteurized industry, textile and fiber industry, pharmaceutical industry.<\/p>\n<p><strong>Compressor :<\/strong>\u00a0We use hermetic, semi-hermetic, and screw compressors in our devices. They have they have crankcase heater and protective relays. Gas system is<br \/>\nprotected against breakage with vibration absorbers. They can be used for long years safe and sound.<\/p>\n<p><strong>Cooling Components :<\/strong>\u00a0It provides system to work safe and regularly. Those are expansion valve, digital thermostat, low-high pressure pressurestat, manometer, valve, drier and so on.<\/p>\n<p><strong>Condensers :<\/strong>\u00a0Copper pipe has aluminum fins. It feeds the evaporator by liquefying the freon gas through its silent axial fans.<\/p>\n<p><strong>Evaporator :<\/strong>\u00a0Heat exchanger keeps the water in desired temperature by vaporizing the freon gas.<\/p>\n<p><strong>Electric Cable :<\/strong>\u00a0It is placed on the device. It ensures the system works fully automatic and safe.<\/p>\n<p><strong>Water Tank :<\/strong>\u00a0Where the water is stored. Heat exchange with external environment is prevented by insulation with rubber.<\/p>\n<p><strong>General Features of Water Cooled Chillers<\/strong><\/p>\n<p>&nbsp;<\/p>\n<p><img loading=\"lazy\" decoding=\"async\" class=\"size-medium wp-image-5042 alignleft\" src=\"https:\/\/panekspanel.com\/eng\/wp-content\/uploads\/2020\/07\/9v-Ekran-Al\u0131nt\u0131s\u0131-4-300x300.jpg\" alt=\"\" width=\"300\" height=\"300\" srcset=\"https:\/\/panekspanel.com\/eng\/wp-content\/uploads\/2020\/07\/9v-Ekran-Al\u0131nt\u0131s\u0131-4-300x300.jpg 300w, https:\/\/panekspanel.com\/eng\/wp-content\/uploads\/2020\/07\/9v-Ekran-Al\u0131nt\u0131s\u0131-4-150x150.jpg 150w, https:\/\/panekspanel.com\/eng\/wp-content\/uploads\/2020\/07\/9v-Ekran-Al\u0131nt\u0131s\u0131-4-600x597.jpg 600w, https:\/\/panekspanel.com\/eng\/wp-content\/uploads\/2020\/07\/9v-Ekran-Al\u0131nt\u0131s\u0131-4-100x100.jpg 100w, https:\/\/panekspanel.com\/eng\/wp-content\/uploads\/2020\/07\/9v-Ekran-Al\u0131nt\u0131s\u0131-4.jpg 713w\" sizes=\"(max-width: 300px) 100vw, 300px\" \/> Water cooled chillers are devices that cool the condensers with water. Water cooled chillers have tower fans; the water that took the temperature of the gas which is heated in pipe of condenser unit cools down in the tower.<\/p>\n<p><strong>\u00a0Are of Use : <\/strong> It is ideal for molds and hydraulic grease of injection and upsetting machines, extruders, hot forming molds, polishing machines, metal working bench, and various cooling applications. With its compact design, high performance and small volume, it can be applicable in narrow areas.<\/p>\n<p><strong>Compressor :<\/strong>\u00a0It can work combined from 1 to 4 compressors in a single system. According to their capacity, scroll or hermetic type of cooling compressors are used in our devices. In case of malfunction, compressors are repaired in our own maintenance shop.<\/p>\n<p><strong>Condenser :<\/strong>\u00a0The water-cooled condensers used in units are with copper pipes and integral finned type.<\/p>\n<p><strong>Evaporator :<\/strong>\u00a0 Shell &amp; Tube chillers are manufactured as a U-pin copper pipe bundle in an iron pipe. Detachable pipe bundle allows evaporator to be cleaned easily.<br \/>\nWith regular maintenance, life of device is extended.<\/p>\n<p><strong>Microprocessor :<\/strong>\u00a0The microprocessor in the devices can track the movements such as working temperature, working hours of the pump on the device, order of working and stopping, malfunction alert and so on.<\/p>\n<p><strong>Circuit Components :<\/strong>\u00a0To make the cooling system work safely, there are drier-filter, sight glass, expansion valve, solenoid valve, combined pressurestat, water flow control valve, and water and air discharge valve.<\/p>\n<p><strong>Water Tank:<\/strong>\u00a0Where the water is stored. Heat exchange with external environment is prevented by insulation with rubber.[\/vc_column_text][\/vc_column][\/vc_row]\n<\/div>","protected":false},"excerpt":{"rendered":"<p>[vc_row][vc_column][vc_column_text]What Is Chiller ? It is the main cooler system equipment which consists of the volume of condenser and evaporator. Working in parallel with building\u2019s automation, it switches on and off with the cooling load requirement. It has both manual and automatic commissioning options as summer and winter. There are applications where the condenser volume&hellip;<\/p>\n","protected":false},"author":1,"featured_media":0,"parent":0,"menu_order":0,"comment_status":"closed","ping_status":"closed","template":"","meta":{"footnotes":""},"class_list":["post-5039","page","type-page","status-publish","hentry","entry","no-media"],"_links":{"self":[{"href":"https:\/\/panekspanel.com\/eng\/wp-json\/wp\/v2\/pages\/5039"}],"collection":[{"href":"https:\/\/panekspanel.com\/eng\/wp-json\/wp\/v2\/pages"}],"about":[{"href":"https:\/\/panekspanel.com\/eng\/wp-json\/wp\/v2\/types\/page"}],"author":[{"embeddable":true,"href":"https:\/\/panekspanel.com\/eng\/wp-json\/wp\/v2\/users\/1"}],"replies":[{"embeddable":true,"href":"https:\/\/panekspanel.com\/eng\/wp-json\/wp\/v2\/comments?post=5039"}],"version-history":[{"count":7,"href":"https:\/\/panekspanel.com\/eng\/wp-json\/wp\/v2\/pages\/5039\/revisions"}],"predecessor-version":[{"id":5582,"href":"https:\/\/panekspanel.com\/eng\/wp-json\/wp\/v2\/pages\/5039\/revisions\/5582"}],"wp:attachment":[{"href":"https:\/\/panekspanel.com\/eng\/wp-json\/wp\/v2\/media?parent=5039"}],"curies":[{"name":"wp","href":"https:\/\/api.w.org\/{rel}","templated":true}]}}